{"id":279,"date":"2024-11-24T14:21:14","date_gmt":"2024-11-24T14:21:14","guid":{"rendered":"https:\/\/vrzframeworks.hu\/?page_id=279"},"modified":"2024-11-24T14:21:31","modified_gmt":"2024-11-24T14:21:31","slug":"adatvedelmi-politika","status":"publish","type":"page","link":"https:\/\/vrzframeworks.hu\/hu\/adatvedelmi-politika\/","title":{"rendered":"Adatv\u00e9delmi ir\u00e1nyelvek"},"content":{"rendered":"<div data-elementor-type=\"wp-page\" data-elementor-id=\"279\" class=\"elementor elementor-279\" data-elementor-post-type=\"page\">\n\t\t\t\t<div class=\"elementor-element elementor-element-7d44aa03 e-flex e-con-boxed e-con e-parent\" data-id=\"7d44aa03\" data-element_type=\"container\">\n\t\t\t\t\t<div class=\"e-con-inner\">\n\t\t\t\t<div class=\"elementor-element elementor-element-3a72ac0e elementor-widget elementor-widget-text-editor\" data-id=\"3a72ac0e\" data-element_type=\"widget\" data-widget_type=\"text-editor.default\">\n\t\t\t\t<div class=\"elementor-widget-container\">\n\t\t\t\t\t\t\t\t\t\n<h3 class=\"wp-block-heading\">1. az adatv\u00e9delmi politika \u00e9rv\u00e9nyess\u00e9ge<\/h3>\n\n\n\n<p>Ez a nyilatkozat a weboldal szerves r\u00e9sz\u00e9nek tekintend\u0151!<br>Friss\u00edtve: 2024. november 9. [Szerz\u0151]<\/p>\n\n\n\n<h4 class=\"wp-block-heading\">1\/1 \u00c1ltal\u00e1nos felhaszn\u00e1l\u00e1si korl\u00e1toz\u00e1sok<\/h4>\n\n\n\n<p>A VRZ Ablakgy\u00e1r Kft \u00e9s\/vagy a szerz\u0151 elk\u00f6telezett az \u00d6n adatainak v\u00e9delme mellett. Az \u00d6n szem\u00e9lyes adatait csak az \u00d6n \u00e1ltal enged\u00e9lyezett, meghat\u00e1rozott c\u00e9lokra t\u00e1roljuk \u00e9s\/vagy haszn\u00e1ljuk fel. Az \u00d6n szem\u00e9lyes adatait nem adjuk \u00e1t harmadik f\u00e9lnek, kiv\u00e9ve, ha ez felt\u00e9tlen\u00fcl sz\u00fcks\u00e9ges az \u00d6n fel\u00e9 fenn\u00e1ll\u00f3 k\u00f6telezetts\u00e9geink teljes\u00edt\u00e9s\u00e9hez. Csak olyan partnerekkel osztjuk meg az adatokat, akik teljes\u00edtik a VRZ Ablakgy\u00e1r Kft. \u00e9s\/vagy a szerz\u0151 adatv\u00e9delmi k\u00f6telezetts\u00e9gv\u00e1llal\u00e1s\u00e1t. A VRZ Ablakgy\u00e1r Kft \u00e9s\/vagy a szerz\u0151 nem t\u00e1mogatja a szem\u00e9lyes adatokkal val\u00f3 vissza\u00e9l\u00e9st vagy tisztess\u00e9gtelen felhaszn\u00e1l\u00e1st. A VRZ Ablakgy\u00e1r Kft \u00e9s\/vagy a szerz\u0151 semmilyen m\u00f3don nem adja el, nem osztja meg \u00e9s\/vagy nem tov\u00e1bb\u00edtja az \u00d6n szem\u00e9lyes adatait.<\/p>\n\n\n\n<hr class=\"wp-block-separator has-alpha-channel-opacity\"\/>\n\n\n\n<h3 class=\"wp-block-heading\">2. az inform\u00e1ci\u00f3k t\u00e1rol\u00e1sa<\/h3>\n\n\n\n<p>Amikor \u00d6n megkeres\u00e9seket vagy seg\u00edts\u00e9gk\u00e9r\u00e9seket tesz k\u00f6zz\u00e9 weboldalunkon, t\u00e1roljuk az \u00d6n teljes nev\u00e9t, e-mail c\u00edm\u00e9t, postac\u00edm\u00e9t stb. Ezek az inform\u00e1ci\u00f3k seg\u00edtenek abban, hogy jobb t\u00e1mogat\u00e1st \u00e9s szolg\u00e1ltat\u00e1sokat ny\u00fajthassunk \u00d6nnek. Ezek az inform\u00e1ci\u00f3k seg\u00edtenek nek\u00fcnk abban, hogy jobb t\u00e1mogat\u00e1st \u00e9s szolg\u00e1ltat\u00e1sokat ny\u00fajtsunk \u00d6nnek.<\/p>\n\n\n\n<hr class=\"wp-block-separator has-alpha-channel-opacity\"\/>\n\n\n\n<h3 class=\"wp-block-heading\">3. az inform\u00e1ci\u00f3k v\u00e9delme<\/h3>\n\n\n\n<p>Sz\u00e1mos biztons\u00e1gi int\u00e9zked\u00e9st alkalmazunk az \u00d6n szem\u00e9lyes adatainak biztons\u00e1ga \u00e9rdek\u00e9ben. Haszn\u00e1ljuk a <strong>Fejlett titkos\u00edt\u00e1si szabv\u00e1ny (AES)<\/strong>, az egyik <strong>U.S. National Institute of Standards and Technology (Amerikai Nemzeti Szabv\u00e1ny\u00fcgyi \u00e9s Technol\u00f3giai Int\u00e9zet)<\/strong> (NIST) \u00e1ltal j\u00f3v\u00e1hagyott titkos\u00edt\u00e1si m\u00f3dszer az online tov\u00e1bb\u00edtott \u00e9rz\u00e9keny inform\u00e1ci\u00f3k v\u00e9delm\u00e9re. A VRZ Ablakgy\u00e1r Kft \u00e9s\/vagy a szerz\u0151 offline is v\u00e9di az \u00d6n adatait. A sz\u00e1m\u00edt\u00f3g\u00e9pek\/szerverek, amelyeken a szem\u00e9lyes adatokat t\u00e1rolj\u00e1k, biztons\u00e1gos k\u00f6rnyezetben tal\u00e1lhat\u00f3k.<\/p>\n\n\n\n<hr class=\"wp-block-separator has-alpha-channel-opacity\"\/>\n\n\n\n<h3 class=\"wp-block-heading\">4. s\u00fctik<\/h3>\n\n\n\n<p>Ahhoz, hogy jobban meg\u00e9rts\u00fck, mely szolg\u00e1ltat\u00e1sok \u00e9rt\u00e9kesek \u00fcgyfeleink sz\u00e1m\u00e1ra, s\u00fctiket haszn\u00e1lunk. A cookie egy kis sz\u00f6veges f\u00e1jl, amelyet egy weboldal helyez el az \u00d6n merevlemez\u00e9n. A s\u00fctik \u00fagy m\u0171k\u00f6dnek, mint az \u00d6n szem\u00e9lyi igazolv\u00e1nya, \u00e9s jelszavakat \u00e9s be\u00e1ll\u00edt\u00e1sokat t\u00e1rolhatnak. Lehet\u0151v\u00e9 teszik a webszerver sz\u00e1m\u00e1ra, hogy felismerje, hogy \u00d6n visszat\u00e9rt a weboldalra. A s\u00fctik olyan inform\u00e1ci\u00f3kat is azonos\u00edthatnak, mint p\u00e9ld\u00e1ul a napi l\u00e1togat\u00f3k sz\u00e1ma \u00e9s a weboldalunk leggyakrabban l\u00e1togatott oldalai. A s\u00fctik egyediek, \u00e9s csak a kapcsol\u00f3d\u00f3 szerver olvashatja \u0151ket. A b\u00f6ng\u00e9sz\u0151 be\u00e1ll\u00edt\u00e1saiban megadhatja, hogy weboldalunk l\u00e1togat\u00e1sakor ne legyenek cookie-k. Ez azonban azt jelentheti, hogy nem tudja haszn\u00e1lni a weboldal \u00f6sszes funkci\u00f3j\u00e1t.<\/p>\n\n\n\n<hr class=\"wp-block-separator has-alpha-channel-opacity\"\/>\n\n\n\n<p>(c) 2022 VRZ Ablakgy\u00e1r K<\/p>\n\t\t\t\t\t\t\t\t<\/div>\n\t\t\t\t<\/div>\n\t\t\t\t\t<\/div>\n\t\t\t\t<\/div>\n\t\t\t\t<\/div>","protected":false},"excerpt":{"rendered":"<p>1. G\u00fcltigkeit der Datenschutzrichtlinie Diese Erkl\u00e4rung ist als Bestandteil der Website zu betrachten!Aktualisiert: 9. November 2024 [Autor] 1\/1. Allgemeine Nutzungsbeschr\u00e4nkungen VRZ Ablakgy\u00e1r Kft und\/oder der Autor verpflichten sich zum Schutz der Privatsph\u00e4re. Ihre pers\u00f6nlichen Daten werden ausschlie\u00dflich f\u00fcr festgelegte und von Ihnen genehmigte Zwecke gespeichert und\/oder verwendet. Ihre pers\u00f6nlichen Daten werden nicht an Dritte weitergegeben,&#8230;<\/p>","protected":false},"author":1,"featured_media":0,"parent":0,"menu_order":0,"comment_status":"closed","ping_status":"closed","template":"","meta":{"_kadence_starter_templates_imported_post":false,"_kad_post_transparent":"","_kad_post_title":"","_kad_post_layout":"","_kad_post_sidebar_id":"","_kad_post_content_style":"","_kad_post_vertical_padding":"","_kad_post_feature":"","_kad_post_feature_position":"","_kad_post_header":false,"_kad_post_footer":false,"footnotes":""},"class_list":["post-279","page","type-page","status-publish","hentry"],"_links":{"self":[{"href":"https:\/\/vrzframeworks.hu\/hu\/wp-json\/wp\/v2\/pages\/279","targetHints":{"allow":["GET"]}}],"collection":[{"href":"https:\/\/vrzframeworks.hu\/hu\/wp-json\/wp\/v2\/pages"}],"about":[{"href":"https:\/\/vrzframeworks.hu\/hu\/wp-json\/wp\/v2\/types\/page"}],"author":[{"embeddable":true,"href":"https:\/\/vrzframeworks.hu\/hu\/wp-json\/wp\/v2\/users\/1"}],"replies":[{"embeddable":true,"href":"https:\/\/vrzframeworks.hu\/hu\/wp-json\/wp\/v2\/comments?post=279"}],"version-history":[{"count":4,"href":"https:\/\/vrzframeworks.hu\/hu\/wp-json\/wp\/v2\/pages\/279\/revisions"}],"predecessor-version":[{"id":283,"href":"https:\/\/vrzframeworks.hu\/hu\/wp-json\/wp\/v2\/pages\/279\/revisions\/283"}],"wp:attachment":[{"href":"https:\/\/vrzframeworks.hu\/hu\/wp-json\/wp\/v2\/media?parent=279"}],"curies":[{"name":"wp","href":"https:\/\/api.w.org\/{rel}","templated":true}]}}