{"id":425,"date":"2024-11-28T18:52:51","date_gmt":"2024-11-28T18:52:51","guid":{"rendered":"https:\/\/vrzframeworks.hu\/?page_id=425"},"modified":"2025-05-30T17:44:36","modified_gmt":"2025-05-30T17:44:36","slug":"jogi-figyelmeztetes","status":"publish","type":"page","link":"https:\/\/vrzframeworks.hu\/hu\/jogi-figyelmeztetes\/","title":{"rendered":"Jogi nyilatkozat"},"content":{"rendered":"<div data-elementor-type=\"wp-page\" data-elementor-id=\"425\" class=\"elementor elementor-425\" data-elementor-post-type=\"page\">\n\t\t\t\t<div class=\"elementor-element elementor-element-f5b88c9 e-flex e-con-boxed e-con e-parent\" data-id=\"f5b88c9\" data-element_type=\"container\">\n\t\t\t\t\t<div class=\"e-con-inner\">\n\t\t\t\t<div class=\"elementor-element elementor-element-42b5bd3 elementor-widget elementor-widget-heading\" data-id=\"42b5bd3\" data-element_type=\"widget\" data-widget_type=\"heading.default\">\n\t\t\t\t<div class=\"elementor-widget-container\">\n\t\t\t\t\t<h2 class=\"elementor-heading-title elementor-size-default\">Jogi nyilatkozat<\/h2>\t\t\t\t<\/div>\n\t\t\t\t<\/div>\n\t\t\t\t\t<\/div>\n\t\t\t\t<\/div>\n\t\t<div class=\"elementor-element elementor-element-8a2fd29 e-flex e-con-boxed e-con e-parent\" data-id=\"8a2fd29\" data-element_type=\"container\">\n\t\t\t\t\t<div class=\"e-con-inner\">\n\t\t\t\t<div class=\"elementor-element elementor-element-32e3c14 elementor-widget elementor-widget-text-editor\" data-id=\"32e3c14\" data-element_type=\"widget\" data-widget_type=\"text-editor.default\">\n\t\t\t\t<div class=\"elementor-widget-container\">\n\t\t\t\t\t\t\t\t\t<p><strong>Jogi nyilatkozat<\/strong><br \/><em>2022. j\u00fanius 02. - Friss\u00edtve: 2024. november 10.<\/em><\/p><ol><li><strong> A jogi k\u00f6zlem\u00e9ny \u00e9rv\u00e9nyess\u00e9ge<\/strong><\/li><\/ol><p>Ez a nyilatkozat a weboldal r\u00e9sz\u00e9nek tekintend\u0151!<br \/><em>Friss\u00edtve: 2024. november 10.<\/em><br \/>[Szerz\u0151.]<\/p><p>A VRZ Ablakgy\u00e1r Kft. \u00e9s\/vagy a szerz\u0151 ez\u00faton t\u00e1j\u00e9koztatja \u00d6nt, hogy az itt megjelen\u00edtett weboldalak b\u00f6ng\u00e9sz\u00e9se az al\u00e1bbi felt\u00e9telek elfogad\u00e1s\u00e1t jelenti. A weboldalak, azok tartalma vagy r\u00e9szei szerz\u0151i jogv\u00e9delem alatt \u00e1llnak. A VRZ Ablakgy\u00e1r Kft. \u00e9s\/vagy a szerz\u0151 a kapcsol\u00f3d\u00f3 jogok kiz\u00e1r\u00f3lagos jogosultja. Tilos a weboldalak tartalm\u00e1t r\u00e9szben vagy eg\u00e9szben b\u00e1rmilyen form\u00e1ban (pl. a weboldalon tal\u00e1lhat\u00f3 k\u00e9pek, sz\u00f6vegek, linkek stb.) a VRZ Ablakgy\u00e1r Kft. \u00e9s\/vagy a szerz\u0151 el\u0151zetes \u00edr\u00e1sbeli enged\u00e9lye n\u00e9lk\u00fcl felhaszn\u00e1lni, sokszoros\u00edtani, tov\u00e1bb\u00edtani, terjeszteni, szerkeszteni vagy t\u00e1rolni. A VRZ Ablakgy\u00e1r Kft. \u00e9s\/vagy a szerz\u0151 azonban hozz\u00e1j\u00e1rul ahhoz, hogy \u00d6n a szabad felhaszn\u00e1l\u00e1s keretein bel\u00fcl saj\u00e1t szem\u00e9lyes haszn\u00e1latra az oldalak tartalm\u00e1t vagy r\u00e9szleteit sz\u00e1m\u00edt\u00f3g\u00e9p\u00e9re mentse vagy kinyomtassa.<br \/>A weboldal tartalma az eredetileg megfogalmazott form\u00e1ban \u00e9rtend\u0151, \u00e9s nem v\u00e1ltoztathat\u00f3 meg. El\u0151fordulhat, hogy a weboldalon a tulajdonos tudta vagy befoly\u00e1sa n\u00e9lk\u00fcl t\u00f6rt\u00e9nnek v\u00e1ltoztat\u00e1sok. Ez\u00e9rt, hacsak jogszab\u00e1ly m\u00e1sk\u00e9nt nem rendelkezik, a VRZ Ablakgy\u00e1r Kft. \u00e9s\/vagy a szerz\u0151 nem v\u00e1llal felel\u0151ss\u00e9get a weboldalakon megjelen\u0151 inform\u00e1ci\u00f3k, dokument\u00e1ci\u00f3k vagy egy\u00e9b \u00edr\u00e1sos anyagok pontoss\u00e1g\u00e1\u00e9rt, megb\u00edzhat\u00f3s\u00e1g\u00e1\u00e9rt, id\u0151szer\u0171s\u00e9g\u00e9\u00e9rt vagy tartalm\u00e1\u00e9rt. A VRZ Ablakgy\u00e1r Kft \u00e9s\/vagy a szerz\u0151 fenntartja a jogot, hogy b\u00e1rmikor megv\u00e1ltoztassa vagy fel\u00fclvizsg\u00e1lja weboldalait, valamint korl\u00e1tozza vagy megsz\u00fcntesse azok el\u00e9rhet\u0151s\u00e9g\u00e9t. Nem garant\u00e1lj\u00e1k, hogy a weboldalakhoz val\u00f3 hozz\u00e1f\u00e9r\u00e9s folyamatos vagy hibamentes lesz.<br \/>A VRZ Ablakgy\u00e1r Kft. \u00e9s\/vagy a szerz\u0151 kifejezetten kiz\u00e1rja a felel\u0151ss\u00e9get minden olyan k\u00e1r\u00e9rt \u00e9s\/vagy vesztes\u00e9g\u00e9rt, amely a weboldalon tal\u00e1lhat\u00f3 inform\u00e1ci\u00f3khoz, dokument\u00e1ci\u00f3khoz vagy egy\u00e9b \u00edr\u00e1sos anyagokhoz val\u00f3 hozz\u00e1f\u00e9r\u00e9sb\u0151l, illetve azok k\u00f6zvetlen vagy k\u00f6zvetett haszn\u00e1lat\u00e1b\u00f3l, a weboldal el\u00e9rhetetlens\u00e9g\u00e9b\u0151l, nem m\u0171k\u00f6d\u00e9s\u00e9b\u0151l, hib\u00e1ib\u00f3l, meghib\u00e1sod\u00e1s\u00e1b\u00f3l vagy f\u00e9lre\u00e9rt\u00e9s\u00e9b\u0151l ered.<br \/>A weboldal tulajdonosa nem v\u00e1llal felel\u0151ss\u00e9get a harmadik felek \u00e1ltal l\u00e9trehozott, tov\u00e1bb\u00edtott, t\u00e1rolt, hozz\u00e1f\u00e9rhet\u0151v\u00e9 tett vagy k\u00f6zz\u00e9tett tartalmak\u00e9rt, amelyekre a weboldalakon kereszt\u00fcl hivatkoznak vagy amelyekre a weboldalakon kereszt\u00fcl hivatkoznak. A VRZ Ablakgy\u00e1r Kft. \u00e9s\/vagy a szerz\u0151 egyes weboldalai a hat\u00e1lyos jogszab\u00e1lyoknak megfelel\u0151en elt\u00e9r\u0151 szab\u00e1lyoz\u00e1st tartalmazhatnak. Ez\u00e9rt az adott szolg\u00e1ltat\u00e1sok haszn\u00e1lat\u00e1nak \u00e9s ig\u00e9nybev\u00e9tel\u00e9nek el\u0151felt\u00e9tele a mindenkor hat\u00e1lyos szab\u00e1lyzatok \u00e9s felhaszn\u00e1l\u00e1si felt\u00e9telek megismer\u00e9se \u00e9s elfogad\u00e1sa.<\/p><p><em>(c) 2025 VRZ Ablakgy\u00e1r Kft.<\/em><br \/><\/p>\t\t\t\t\t\t\t\t<\/div>\n\t\t\t\t<\/div>\n\t\t\t\t\t<\/div>\n\t\t\t\t<\/div>\n\t\t\t\t<\/div>","protected":false},"excerpt":{"rendered":"<p>Rechtlicher Hinweis Rechtlicher Hinweis02. Juni 2022 \u2013 Aktualisiert am 10. November 2024 G\u00fcltigkeit des rechtlichen Hinweises Diese Erkl\u00e4rung ist als Teil der Website zu betrachten!Aktualisiert: 10. November 2024[Autor] VRZ Ablakgy\u00e1r Kft und\/oder der Autor informieren Sie hiermit, dass das Durchsuchen der hier angezeigten Webseiten die Annahme der folgenden Bedingungen bedeutet. Die Webseiten, deren Inhalte oder&#8230;<\/p>","protected":false},"author":1,"featured_media":0,"parent":0,"menu_order":0,"comment_status":"closed","ping_status":"closed","template":"","meta":{"_kadence_starter_templates_imported_post":false,"_kad_post_transparent":"","_kad_post_title":"hide","_kad_post_layout":"fullwidth","_kad_post_sidebar_id":"","_kad_post_content_style":"unboxed","_kad_post_vertical_padding":"hide","_kad_post_feature":"hide","_kad_post_feature_position":"","_kad_post_header":false,"_kad_post_footer":false,"footnotes":""},"class_list":["post-425","page","type-page","status-publish","hentry"],"_links":{"self":[{"href":"https:\/\/vrzframeworks.hu\/hu\/wp-json\/wp\/v2\/pages\/425","targetHints":{"allow":["GET"]}}],"collection":[{"href":"https:\/\/vrzframeworks.hu\/hu\/wp-json\/wp\/v2\/pages"}],"about":[{"href":"https:\/\/vrzframeworks.hu\/hu\/wp-json\/wp\/v2\/types\/page"}],"author":[{"embeddable":true,"href":"https:\/\/vrzframeworks.hu\/hu\/wp-json\/wp\/v2\/users\/1"}],"replies":[{"embeddable":true,"href":"https:\/\/vrzframeworks.hu\/hu\/wp-json\/wp\/v2\/comments?post=425"}],"version-history":[{"count":7,"href":"https:\/\/vrzframeworks.hu\/hu\/wp-json\/wp\/v2\/pages\/425\/revisions"}],"predecessor-version":[{"id":903,"href":"https:\/\/vrzframeworks.hu\/hu\/wp-json\/wp\/v2\/pages\/425\/revisions\/903"}],"wp:attachment":[{"href":"https:\/\/vrzframeworks.hu\/hu\/wp-json\/wp\/v2\/media?parent=425"}],"curies":[{"name":"wp","href":"https:\/\/api.w.org\/{rel}","templated":true}]}}