{"id":279,"date":"2024-11-24T14:21:14","date_gmt":"2024-11-24T14:21:14","guid":{"rendered":"https:\/\/vrzframeworks.hu\/?page_id=279"},"modified":"2024-11-24T14:21:31","modified_gmt":"2024-11-24T14:21:31","slug":"informativa-sulla-privacy","status":"publish","type":"page","link":"https:\/\/vrzframeworks.hu\/it\/informativa-sulla-privacy\/","title":{"rendered":"Informativa sulla privacy"},"content":{"rendered":"<div data-elementor-type=\"wp-page\" data-elementor-id=\"279\" class=\"elementor elementor-279\" data-elementor-post-type=\"page\">\n\t\t\t\t<div class=\"elementor-element elementor-element-7d44aa03 e-flex e-con-boxed e-con e-parent\" data-id=\"7d44aa03\" data-element_type=\"container\">\n\t\t\t\t\t<div class=\"e-con-inner\">\n\t\t\t\t<div class=\"elementor-element elementor-element-3a72ac0e elementor-widget elementor-widget-text-editor\" data-id=\"3a72ac0e\" data-element_type=\"widget\" data-widget_type=\"text-editor.default\">\n\t\t\t\t<div class=\"elementor-widget-container\">\n\t\t\t\t\t\t\t\t\t\n<h3 class=\"wp-block-heading\">1. validit\u00e0 dell'informativa sulla privacy<\/h3>\n\n\n\n<p>La presente dichiarazione \u00e8 da considerarsi parte integrante del sito web!<br>Aggiornato: 9 novembre 2024 [Autore]<\/p>\n\n\n\n<h4 class=\"wp-block-heading\">1\/1 Limiti generali di utilizzo<\/h4>\n\n\n\n<p>VRZ Ablakgy\u00e1r Kft e\/o l'autore si impegnano a proteggere la vostra privacy. I vostri dati personali saranno conservati e\/o utilizzati solo per scopi specifici da voi autorizzati. I vostri dati personali non saranno trasmessi a terzi, a meno che ci\u00f2 non sia assolutamente necessario per l'adempimento dei nostri obblighi nei vostri confronti. Condividiamo i dati solo con partner che rispettano l'impegno di VRZ Ablakgy\u00e1r Kft e\/o dell'autore per la protezione della privacy. VRZ Ablakgy\u00e1r Kft e\/o l'autore non sostengono l'uso improprio o scorretto dei dati personali. VRZ Ablakgy\u00e1r Kft e\/o l'autore non venderanno, condivideranno e\/o trasferiranno in alcun modo i vostri dati personali.<\/p>\n\n\n\n<hr class=\"wp-block-separator has-alpha-channel-opacity\"\/>\n\n\n\n<h3 class=\"wp-block-heading\">2. archiviazione delle informazioni<\/h3>\n\n\n\n<p>Quando inviate richieste di informazioni o di aiuto sul nostro sito web, memorizziamo il vostro nome e cognome, l'indirizzo e-mail, l'indirizzo postale e cos\u00ec via. Queste informazioni ci aiutano a fornirvi un'assistenza e dei servizi migliori.<\/p>\n\n\n\n<hr class=\"wp-block-separator has-alpha-channel-opacity\"\/>\n\n\n\n<h3 class=\"wp-block-heading\">3. protezione delle informazioni<\/h3>\n\n\n\n<p>Utilizziamo un'ampia gamma di misure di sicurezza per garantire la sicurezza dei vostri dati personali. Utilizziamo il <strong>Standard di crittografia avanzata (AES)<\/strong>, uno dei <strong>Istituto nazionale degli Stati Uniti per gli standard e la tecnologia<\/strong> (NIST) per proteggere le informazioni sensibili trasmesse online. VRZ Ablakgy\u00e1r Kft e\/o l'autore proteggono le informazioni anche offline. I computer\/server su cui sono memorizzate le informazioni personali si trovano in un ambiente sicuro.<\/p>\n\n\n\n<hr class=\"wp-block-separator has-alpha-channel-opacity\"\/>\n\n\n\n<h3 class=\"wp-block-heading\">4. biscotti<\/h3>\n\n\n\n<p>Per capire meglio quali servizi sono utili ai nostri clienti, utilizziamo i cookie. Un cookie \u00e8 un piccolo file di testo che viene collocato sul vostro disco rigido da un sito web. I cookie funzionano come la vostra carta d'identit\u00e0 e possono memorizzare password e preferenze. Permettono al server web di riconoscere che siete tornati sul sito. I cookie possono anche identificare informazioni come il numero di visitatori giornalieri e le pagine pi\u00f9 visitate del nostro sito web. I cookie sono unici e possono essere letti solo dal server associato. \u00c8 possibile specificare nelle impostazioni del browser che non vengano impostati cookie quando si visita il nostro sito web. Tuttavia, ci\u00f2 potrebbe comportare l'impossibilit\u00e0 di utilizzare tutte le funzioni del sito web.<\/p>\n\n\n\n<hr class=\"wp-block-separator has-alpha-channel-opacity\"\/>\n\n\n\n<p>(c) 2022 VRZ Ablakgy\u00e1r K<\/p>\n\t\t\t\t\t\t\t\t<\/div>\n\t\t\t\t<\/div>\n\t\t\t\t\t<\/div>\n\t\t\t\t<\/div>\n\t\t\t\t<\/div>","protected":false},"excerpt":{"rendered":"<p>1. G\u00fcltigkeit der Datenschutzrichtlinie Diese Erkl\u00e4rung ist als Bestandteil der Website zu betrachten!Aktualisiert: 9. November 2024 [Autor] 1\/1. Allgemeine Nutzungsbeschr\u00e4nkungen VRZ Ablakgy\u00e1r Kft und\/oder der Autor verpflichten sich zum Schutz der Privatsph\u00e4re. Ihre pers\u00f6nlichen Daten werden ausschlie\u00dflich f\u00fcr festgelegte und von Ihnen genehmigte Zwecke gespeichert und\/oder verwendet. Ihre pers\u00f6nlichen Daten werden nicht an Dritte weitergegeben,&#8230;<\/p>","protected":false},"author":1,"featured_media":0,"parent":0,"menu_order":0,"comment_status":"closed","ping_status":"closed","template":"","meta":{"_kadence_starter_templates_imported_post":false,"_kad_post_transparent":"","_kad_post_title":"","_kad_post_layout":"","_kad_post_sidebar_id":"","_kad_post_content_style":"","_kad_post_vertical_padding":"","_kad_post_feature":"","_kad_post_feature_position":"","_kad_post_header":false,"_kad_post_footer":false,"footnotes":""},"class_list":["post-279","page","type-page","status-publish","hentry"],"_links":{"self":[{"href":"https:\/\/vrzframeworks.hu\/it\/wp-json\/wp\/v2\/pages\/279","targetHints":{"allow":["GET"]}}],"collection":[{"href":"https:\/\/vrzframeworks.hu\/it\/wp-json\/wp\/v2\/pages"}],"about":[{"href":"https:\/\/vrzframeworks.hu\/it\/wp-json\/wp\/v2\/types\/page"}],"author":[{"embeddable":true,"href":"https:\/\/vrzframeworks.hu\/it\/wp-json\/wp\/v2\/users\/1"}],"replies":[{"embeddable":true,"href":"https:\/\/vrzframeworks.hu\/it\/wp-json\/wp\/v2\/comments?post=279"}],"version-history":[{"count":4,"href":"https:\/\/vrzframeworks.hu\/it\/wp-json\/wp\/v2\/pages\/279\/revisions"}],"predecessor-version":[{"id":283,"href":"https:\/\/vrzframeworks.hu\/it\/wp-json\/wp\/v2\/pages\/279\/revisions\/283"}],"wp:attachment":[{"href":"https:\/\/vrzframeworks.hu\/it\/wp-json\/wp\/v2\/media?parent=279"}],"curies":[{"name":"wp","href":"https:\/\/api.w.org\/{rel}","templated":true}]}}