{"id":425,"date":"2024-11-28T18:52:51","date_gmt":"2024-11-28T18:52:51","guid":{"rendered":"https:\/\/vrzframeworks.hu\/?page_id=425"},"modified":"2025-05-30T17:44:36","modified_gmt":"2025-05-30T17:44:36","slug":"avviso-legale","status":"publish","type":"page","link":"https:\/\/vrzframeworks.hu\/it\/avviso-legale\/","title":{"rendered":"Avviso legale"},"content":{"rendered":"<div data-elementor-type=\"wp-page\" data-elementor-id=\"425\" class=\"elementor elementor-425\" data-elementor-post-type=\"page\">\n\t\t\t\t<div class=\"elementor-element elementor-element-f5b88c9 e-flex e-con-boxed e-con e-parent\" data-id=\"f5b88c9\" data-element_type=\"container\">\n\t\t\t\t\t<div class=\"e-con-inner\">\n\t\t\t\t<div class=\"elementor-element elementor-element-42b5bd3 elementor-widget elementor-widget-heading\" data-id=\"42b5bd3\" data-element_type=\"widget\" data-widget_type=\"heading.default\">\n\t\t\t\t<div class=\"elementor-widget-container\">\n\t\t\t\t\t<h2 class=\"elementor-heading-title elementor-size-default\">Avviso legale<\/h2>\t\t\t\t<\/div>\n\t\t\t\t<\/div>\n\t\t\t\t\t<\/div>\n\t\t\t\t<\/div>\n\t\t<div class=\"elementor-element elementor-element-8a2fd29 e-flex e-con-boxed e-con e-parent\" data-id=\"8a2fd29\" data-element_type=\"container\">\n\t\t\t\t\t<div class=\"e-con-inner\">\n\t\t\t\t<div class=\"elementor-element elementor-element-32e3c14 elementor-widget elementor-widget-text-editor\" data-id=\"32e3c14\" data-element_type=\"widget\" data-widget_type=\"text-editor.default\">\n\t\t\t\t<div class=\"elementor-widget-container\">\n\t\t\t\t\t\t\t\t\t<p><strong>Avviso legale<\/strong><br \/><em>02 giugno 2022 - Aggiornato il 10 novembre 2024<\/em><\/p><ol><li><strong> Validit\u00e0 dell'avviso legale<\/strong><\/li><\/ol><p>La presente dichiarazione \u00e8 da considerarsi parte integrante del sito web!<br \/><em>Aggiornamento: 10 novembre 2024<\/em><br \/>[Autore.]<\/p><p>VRZ Ablakgy\u00e1r Kft e\/o l'autore informano che la navigazione nei siti web qui visualizzati implica l'accettazione delle seguenti condizioni. I siti web, i loro contenuti o parti di essi sono soggetti a copyright. VRZ Ablakgy\u00e1r Kft. e\/o l'autore sono i proprietari esclusivi dei relativi diritti. \u00c8 vietato utilizzare, riprodurre, trasmettere, distribuire, modificare o memorizzare i contenuti delle pagine web, in tutto o in parte, in qualsiasi forma (ad esempio immagini, testi, link, ecc. presenti sul sito) senza la previa autorizzazione scritta di VRZ Ablakgy\u00e1r Kft. e\/o dell'autore. VRZ Ablakgy\u00e1r Kft e\/o l'autore acconsentono tuttavia a salvare o stampare sul proprio computer contenuti o estratti di queste pagine per uso personale nell'ambito dell'uso libero.<br \/>I contenuti del sito web devono essere intesi come sono stati originariamente formulati e non possono essere modificati. Pu\u00f2 accadere che vengano apportate modifiche alle pagine web senza che il proprietario ne sia a conoscenza o ne sia influenzato. Pertanto, se non diversamente previsto dalla legge, VRZ Ablakgy\u00e1r Kft e\/o l'autore non si assumono alcuna responsabilit\u00e0 per l'accuratezza, l'affidabilit\u00e0, la tempestivit\u00e0 o il contenuto delle informazioni, della documentazione o di altro materiale scritto visualizzato sui siti web. VRZ Ablakgy\u00e1r Kft e\/o l'autore si riservano il diritto di modificare o rivedere i propri siti web in qualsiasi momento, nonch\u00e9 di limitarne o interromperne la disponibilit\u00e0. Non garantiscono che l'accesso ai siti web sia continuo o privo di errori.<br \/>VRZ Ablakgy\u00e1r Kft e\/o l'autore escludono espressamente qualsiasi responsabilit\u00e0 per danni e\/o perdite derivanti dall'accesso alle informazioni, alla documentazione o ad altri materiali scritti sul sito web o dal loro utilizzo diretto o indiretto, dall'inaccessibilit\u00e0 del sito web, dal suo mancato funzionamento, da difetti, malfunzionamenti o incomprensioni.<br \/>Il proprietario del sito web non si assume alcuna responsabilit\u00e0 per i contenuti creati, trasmessi, archiviati, resi accessibili o pubblicati da terzi e collegati o richiamati dalle pagine web. Alcuni siti web di VRZ Ablakgy\u00e1r Kft e\/o dell'autore possono contenere norme diverse in conformit\u00e0 alle leggi vigenti. Pertanto, la conoscenza e l'accettazione delle norme e dei termini d'uso vigenti \u00e8 un prerequisito per l'uso e l'utilizzo dei rispettivi servizi.<\/p><p><em>(c) 2025 VRZ Ablakgy\u00e1r Kft<\/em><br \/><\/p>\t\t\t\t\t\t\t\t<\/div>\n\t\t\t\t<\/div>\n\t\t\t\t\t<\/div>\n\t\t\t\t<\/div>\n\t\t\t\t<\/div>","protected":false},"excerpt":{"rendered":"<p>Rechtlicher Hinweis Rechtlicher Hinweis02. Juni 2022 \u2013 Aktualisiert am 10. November 2024 G\u00fcltigkeit des rechtlichen Hinweises Diese Erkl\u00e4rung ist als Teil der Website zu betrachten!Aktualisiert: 10. November 2024[Autor] VRZ Ablakgy\u00e1r Kft und\/oder der Autor informieren Sie hiermit, dass das Durchsuchen der hier angezeigten Webseiten die Annahme der folgenden Bedingungen bedeutet. Die Webseiten, deren Inhalte oder&#8230;<\/p>","protected":false},"author":1,"featured_media":0,"parent":0,"menu_order":0,"comment_status":"closed","ping_status":"closed","template":"","meta":{"_kadence_starter_templates_imported_post":false,"_kad_post_transparent":"","_kad_post_title":"hide","_kad_post_layout":"fullwidth","_kad_post_sidebar_id":"","_kad_post_content_style":"unboxed","_kad_post_vertical_padding":"hide","_kad_post_feature":"hide","_kad_post_feature_position":"","_kad_post_header":false,"_kad_post_footer":false,"footnotes":""},"class_list":["post-425","page","type-page","status-publish","hentry"],"_links":{"self":[{"href":"https:\/\/vrzframeworks.hu\/it\/wp-json\/wp\/v2\/pages\/425","targetHints":{"allow":["GET"]}}],"collection":[{"href":"https:\/\/vrzframeworks.hu\/it\/wp-json\/wp\/v2\/pages"}],"about":[{"href":"https:\/\/vrzframeworks.hu\/it\/wp-json\/wp\/v2\/types\/page"}],"author":[{"embeddable":true,"href":"https:\/\/vrzframeworks.hu\/it\/wp-json\/wp\/v2\/users\/1"}],"replies":[{"embeddable":true,"href":"https:\/\/vrzframeworks.hu\/it\/wp-json\/wp\/v2\/comments?post=425"}],"version-history":[{"count":7,"href":"https:\/\/vrzframeworks.hu\/it\/wp-json\/wp\/v2\/pages\/425\/revisions"}],"predecessor-version":[{"id":903,"href":"https:\/\/vrzframeworks.hu\/it\/wp-json\/wp\/v2\/pages\/425\/revisions\/903"}],"wp:attachment":[{"href":"https:\/\/vrzframeworks.hu\/it\/wp-json\/wp\/v2\/media?parent=425"}],"curies":[{"name":"wp","href":"https:\/\/api.w.org\/{rel}","templated":true}]}}