{"id":279,"date":"2024-11-24T14:21:14","date_gmt":"2024-11-24T14:21:14","guid":{"rendered":"https:\/\/vrzframeworks.hu\/?page_id=279"},"modified":"2024-11-24T14:21:31","modified_gmt":"2024-11-24T14:21:31","slug":"zasady-ochrany-osobnych-udajov","status":"publish","type":"page","link":"https:\/\/vrzframeworks.hu\/sk\/zasady-ochrany-osobnych-udajov\/","title":{"rendered":"Z\u00e1sady ochrany osobn\u00fdch \u00fadajov"},"content":{"rendered":"<div data-elementor-type=\"wp-page\" data-elementor-id=\"279\" class=\"elementor elementor-279\" data-elementor-post-type=\"page\">\n\t\t\t\t<div class=\"elementor-element elementor-element-7d44aa03 e-flex e-con-boxed e-con e-parent\" data-id=\"7d44aa03\" data-element_type=\"container\">\n\t\t\t\t\t<div class=\"e-con-inner\">\n\t\t\t\t<div class=\"elementor-element elementor-element-3a72ac0e elementor-widget elementor-widget-text-editor\" data-id=\"3a72ac0e\" data-element_type=\"widget\" data-widget_type=\"text-editor.default\">\n\t\t\t\t<div class=\"elementor-widget-container\">\n\t\t\t\t\t\t\t\t\t\n<h3 class=\"wp-block-heading\">1. platnos\u0165 z\u00e1sad ochrany osobn\u00fdch \u00fadajov<\/h3>\n\n\n\n<p>Toto vyhl\u00e1senie sa pova\u017euje za s\u00fa\u010das\u0165 webovej str\u00e1nky!<br>Aktualizovan\u00e9: 9. novembra 2024 [Autor]<\/p>\n\n\n\n<h4 class=\"wp-block-heading\">1\/1 V\u0161eobecn\u00e9 obmedzenia pou\u017e\u00edvania<\/h4>\n\n\n\n<p>Spolo\u010dnos\u0165 VRZ Ablakgy\u00e1r Kft a\/alebo autor sa zav\u00e4zuj\u00fa chr\u00e1ni\u0165 va\u0161e s\u00fakromie. Va\u0161e osobn\u00e9 \u00fadaje sa bud\u00fa uchov\u00e1va\u0165 a\/alebo pou\u017e\u00edva\u0165 len na vami schv\u00e1len\u00e9 \u00fa\u010dely. Va\u0161e osobn\u00e9 \u00fadaje nebud\u00fa poskytnut\u00e9 tret\u00edm stran\u00e1m, pokia\u013e to nebude absol\u00fatne nevyhnutn\u00e9 na plnenie na\u0161ich z\u00e1v\u00e4zkov vo\u010di v\u00e1m. \u00dadaje zdie\u013eame len s partnermi, ktor\u00ed plnia z\u00e1v\u00e4zok spolo\u010dnosti VRZ Ablakgy\u00e1r Kft a\/alebo autora t\u00fdkaj\u00faci sa ochrany osobn\u00fdch \u00fadajov. Spolo\u010dnos\u0165 VRZ Ablakgy\u00e1r Kft a\/alebo autor nepodporuj\u00fa zneu\u017e\u00edvanie alebo nespravodliv\u00e9 pou\u017e\u00edvanie osobn\u00fdch \u00fadajov. Spolo\u010dnos\u0165 VRZ Ablakgy\u00e1r Kft a\/alebo autor nebud\u00fa pred\u00e1va\u0165, zdie\u013ea\u0165 a\/alebo ak\u00fdmko\u013evek sp\u00f4sobom pren\u00e1\u0161a\u0165 va\u0161e osobn\u00e9 \u00fadaje.<\/p>\n\n\n\n<hr class=\"wp-block-separator has-alpha-channel-opacity\"\/>\n\n\n\n<h3 class=\"wp-block-heading\">2. ukladanie inform\u00e1ci\u00ed<\/h3>\n\n\n\n<p>Ke\u010f na na\u0161ej webovej lokalite zverejn\u00edte ot\u00e1zky alebo \u017eiadosti o pomoc, ulo\u017e\u00edme va\u0161e cel\u00e9 meno, e-mailov\u00fa adresu, po\u0161tov\u00fa adresu at\u010f. Tieto inform\u00e1cie n\u00e1m pom\u00e1haj\u00fa poskytova\u0165 v\u00e1m lep\u0161iu podporu a slu\u017eby. Tieto inform\u00e1cie n\u00e1m pom\u00e1haj\u00fa poskytova\u0165 v\u00e1m lep\u0161iu podporu a slu\u017eby.<\/p>\n\n\n\n<hr class=\"wp-block-separator has-alpha-channel-opacity\"\/>\n\n\n\n<h3 class=\"wp-block-heading\">3. ochrana inform\u00e1ci\u00ed<\/h3>\n\n\n\n<p>Na zaistenie bezpe\u010dnosti va\u0161ich osobn\u00fdch \u00fadajov pou\u017e\u00edvame \u0161irok\u00fa \u0161k\u00e1lu bezpe\u010dnostn\u00fdch opatren\u00ed. Pou\u017e\u00edvame <strong>Pokro\u010dil\u00fd \u0161ifrovac\u00ed \u0161tandard (AES)<\/strong>, jeden z <strong>N\u00e1rodn\u00fd in\u0161tit\u00fat pre \u0161tandardy a technol\u00f3gie USA<\/strong> (NIST) schv\u00e1len\u00e1 met\u00f3da \u0161ifrovania na ochranu citliv\u00fdch inform\u00e1ci\u00ed pren\u00e1\u0161an\u00fdch online. Spolo\u010dnos\u0165 VRZ Ablakgy\u00e1r Kft a\/alebo autor chr\u00e1ni va\u0161e inform\u00e1cie aj offline. Po\u010d\u00edta\u010de\/servery, na ktor\u00fdch s\u00fa ulo\u017een\u00e9 osobn\u00e9 \u00fadaje, sa nach\u00e1dzaj\u00fa v bezpe\u010dnom prostred\u00ed.<\/p>\n\n\n\n<hr class=\"wp-block-separator has-alpha-channel-opacity\"\/>\n\n\n\n<h3 class=\"wp-block-heading\">4. cookies<\/h3>\n\n\n\n<p>Aby sme lep\u0161ie pochopili, ktor\u00e9 slu\u017eby s\u00fa pre na\u0161ich z\u00e1kazn\u00edkov hodnotn\u00e9, pou\u017e\u00edvame s\u00fabory cookie. S\u00fabor cookie je mal\u00fd textov\u00fd s\u00fabor, ktor\u00fd webov\u00e1 str\u00e1nka umiestni na v\u00e1\u0161 pevn\u00fd disk. S\u00fabory cookie funguj\u00fa ako v\u00e1\u0161 preukaz toto\u017enosti a m\u00f4\u017eu uklada\u0165 hesl\u00e1 a preferencie. Umo\u017e\u0148uj\u00fa webov\u00e9mu serveru rozpozna\u0165, \u017ee ste sa na webov\u00fa lokalitu vr\u00e1tili. S\u00fabory cookie m\u00f4\u017eu tie\u017e identifikova\u0165 inform\u00e1cie, ako je po\u010det denn\u00fdch n\u00e1v\u0161tevn\u00edkov a naj\u010dastej\u0161ie nav\u0161tevovan\u00e9 str\u00e1nky na na\u0161ej webovej lokalite. S\u00fabory cookie s\u00fa jedine\u010dn\u00e9 a m\u00f4\u017ee ich \u010d\u00edta\u0165 len pr\u00edslu\u0161n\u00fd server. V nastaveniach prehliada\u010da m\u00f4\u017eete ur\u010di\u0165, aby sa pri n\u00e1v\u0161teve na\u0161ej webovej str\u00e1nky neukladali \u017eiadne s\u00fabory cookie. M\u00f4\u017ee to v\u0161ak znamena\u0165, \u017ee nebudete m\u00f4c\u0165 vyu\u017e\u00edva\u0165 v\u0161etky funkcie webovej str\u00e1nky.<\/p>\n\n\n\n<hr class=\"wp-block-separator has-alpha-channel-opacity\"\/>\n\n\n\n<p>(c) 2022 VRZ Ablakgy\u00e1r K<\/p>\n\t\t\t\t\t\t\t\t<\/div>\n\t\t\t\t<\/div>\n\t\t\t\t\t<\/div>\n\t\t\t\t<\/div>\n\t\t\t\t<\/div>","protected":false},"excerpt":{"rendered":"<p>1. G\u00fcltigkeit der Datenschutzrichtlinie Diese Erkl\u00e4rung ist als Bestandteil der Website zu betrachten!Aktualisiert: 9. November 2024 [Autor] 1\/1. Allgemeine Nutzungsbeschr\u00e4nkungen VRZ Ablakgy\u00e1r Kft und\/oder der Autor verpflichten sich zum Schutz der Privatsph\u00e4re. Ihre pers\u00f6nlichen Daten werden ausschlie\u00dflich f\u00fcr festgelegte und von Ihnen genehmigte Zwecke gespeichert und\/oder verwendet. Ihre pers\u00f6nlichen Daten werden nicht an Dritte weitergegeben,&#8230;<\/p>","protected":false},"author":1,"featured_media":0,"parent":0,"menu_order":0,"comment_status":"closed","ping_status":"closed","template":"","meta":{"_kadence_starter_templates_imported_post":false,"_kad_post_transparent":"","_kad_post_title":"","_kad_post_layout":"","_kad_post_sidebar_id":"","_kad_post_content_style":"","_kad_post_vertical_padding":"","_kad_post_feature":"","_kad_post_feature_position":"","_kad_post_header":false,"_kad_post_footer":false,"footnotes":""},"class_list":["post-279","page","type-page","status-publish","hentry"],"_links":{"self":[{"href":"https:\/\/vrzframeworks.hu\/sk\/wp-json\/wp\/v2\/pages\/279","targetHints":{"allow":["GET"]}}],"collection":[{"href":"https:\/\/vrzframeworks.hu\/sk\/wp-json\/wp\/v2\/pages"}],"about":[{"href":"https:\/\/vrzframeworks.hu\/sk\/wp-json\/wp\/v2\/types\/page"}],"author":[{"embeddable":true,"href":"https:\/\/vrzframeworks.hu\/sk\/wp-json\/wp\/v2\/users\/1"}],"replies":[{"embeddable":true,"href":"https:\/\/vrzframeworks.hu\/sk\/wp-json\/wp\/v2\/comments?post=279"}],"version-history":[{"count":4,"href":"https:\/\/vrzframeworks.hu\/sk\/wp-json\/wp\/v2\/pages\/279\/revisions"}],"predecessor-version":[{"id":283,"href":"https:\/\/vrzframeworks.hu\/sk\/wp-json\/wp\/v2\/pages\/279\/revisions\/283"}],"wp:attachment":[{"href":"https:\/\/vrzframeworks.hu\/sk\/wp-json\/wp\/v2\/media?parent=279"}],"curies":[{"name":"wp","href":"https:\/\/api.w.org\/{rel}","templated":true}]}}