{"id":425,"date":"2024-11-28T18:52:51","date_gmt":"2024-11-28T18:52:51","guid":{"rendered":"https:\/\/vrzframeworks.hu\/?page_id=425"},"modified":"2025-05-30T17:44:36","modified_gmt":"2025-05-30T17:44:36","slug":"pravne-upozornenie","status":"publish","type":"page","link":"https:\/\/vrzframeworks.hu\/sk\/pravne-upozornenie\/","title":{"rendered":"Pr\u00e1vne upozornenie"},"content":{"rendered":"<div data-elementor-type=\"wp-page\" data-elementor-id=\"425\" class=\"elementor elementor-425\" data-elementor-post-type=\"page\">\n\t\t\t\t<div class=\"elementor-element elementor-element-f5b88c9 e-flex e-con-boxed e-con e-parent\" data-id=\"f5b88c9\" data-element_type=\"container\">\n\t\t\t\t\t<div class=\"e-con-inner\">\n\t\t\t\t<div class=\"elementor-element elementor-element-42b5bd3 elementor-widget elementor-widget-heading\" data-id=\"42b5bd3\" data-element_type=\"widget\" data-widget_type=\"heading.default\">\n\t\t\t\t<div class=\"elementor-widget-container\">\n\t\t\t\t\t<h2 class=\"elementor-heading-title elementor-size-default\">Pr\u00e1vne upozornenie<\/h2>\t\t\t\t<\/div>\n\t\t\t\t<\/div>\n\t\t\t\t\t<\/div>\n\t\t\t\t<\/div>\n\t\t<div class=\"elementor-element elementor-element-8a2fd29 e-flex e-con-boxed e-con e-parent\" data-id=\"8a2fd29\" data-element_type=\"container\">\n\t\t\t\t\t<div class=\"e-con-inner\">\n\t\t\t\t<div class=\"elementor-element elementor-element-32e3c14 elementor-widget elementor-widget-text-editor\" data-id=\"32e3c14\" data-element_type=\"widget\" data-widget_type=\"text-editor.default\">\n\t\t\t\t<div class=\"elementor-widget-container\">\n\t\t\t\t\t\t\t\t\t<p><strong>Pr\u00e1vne upozornenie<\/strong><br \/><em>02. j\u00fana 2022 - aktualizovan\u00e9 10. novembra 2024<\/em><\/p><ol><li><strong> Platnos\u0165 pr\u00e1vneho ozn\u00e1menia<\/strong><\/li><\/ol><p>Toto vyhl\u00e1senie sa pova\u017euje za s\u00fa\u010das\u0165 webovej str\u00e1nky!<br \/><em>Aktualizovan\u00e9: 10. novembra 2024<\/em><br \/>[Autor.]<\/p><p>Spolo\u010dnos\u0165 VRZ Ablakgy\u00e1r Kft a\/alebo autor v\u00e1s t\u00fdmto informuj\u00fa, \u017ee prehliadanie tu zobrazen\u00fdch webov\u00fdch str\u00e1nok znamen\u00e1 s\u00fahlas s t\u00fdmito podmienkami. Webov\u00e9 str\u00e1nky, ich obsah alebo ich \u010dasti podliehaj\u00fa autorsk\u00fdm pr\u00e1vam. Spolo\u010dnos\u0165 VRZ Ablakgy\u00e1r Kft. a\/alebo autor s\u00fa v\u00fdhradn\u00fdmi vlastn\u00edkmi s\u00favisiacich pr\u00e1v. Je zak\u00e1zan\u00e9 pou\u017e\u00edva\u0165, reprodukova\u0165, pren\u00e1\u0161a\u0165, distribuova\u0165, upravova\u0165 alebo uchov\u00e1va\u0165 obsah webov\u00fdch str\u00e1nok ako celok alebo jeho \u010dasti v akejko\u013evek forme (napr. obr\u00e1zky, texty, odkazy at\u010f., ktor\u00e9 sa nach\u00e1dzaj\u00fa na webov\u00fdch str\u00e1nkach) bez predch\u00e1dzaj\u00faceho p\u00edsomn\u00e9ho s\u00fahlasu spolo\u010dnosti VRZ Ablakgy\u00e1r Kft a\/alebo autora. Spolo\u010dnos\u0165 VRZ Ablakgy\u00e1r Kft a\/alebo autor v\u0161ak s\u00fahlasia s t\u00fdm, \u017ee obsah alebo v\u00fd\u0148atky z t\u00fdchto str\u00e1nok si m\u00f4\u017eete ulo\u017ei\u0165 alebo vytla\u010di\u0165 na svojom po\u010d\u00edta\u010di pre vlastn\u00fa potrebu v r\u00e1mci vo\u013en\u00e9ho pou\u017e\u00edvania.<br \/>Obsah webovej str\u00e1nky sa m\u00e1 ch\u00e1pa\u0165 tak, ako bol p\u00f4vodne formulovan\u00fd, a nesmie sa meni\u0165. M\u00f4\u017ee sa sta\u0165, \u017ee zmeny na webov\u00fdch str\u00e1nkach bud\u00fa vykonan\u00e9 bez vedomia alebo vplyvu vlastn\u00edka. Preto spolo\u010dnos\u0165 VRZ Ablakgy\u00e1r Kft a\/alebo autor nenesie \u017eiadnu zodpovednos\u0165 za presnos\u0165, spo\u013eahlivos\u0165, aktu\u00e1lnos\u0165 alebo obsah inform\u00e1ci\u00ed, dokument\u00e1cie alebo in\u00fdch p\u00edsomn\u00fdch materi\u00e1lov uveden\u00fdch na webov\u00fdch str\u00e1nkach, pokia\u013e z\u00e1kon nestanovuje inak. Spolo\u010dnos\u0165 VRZ Ablakgy\u00e1r Kft a\/alebo autor si vyhradzuj\u00fa pr\u00e1vo kedyko\u013evek zmeni\u0165 alebo revidova\u0165 svoje webov\u00e9 str\u00e1nky, ako aj obmedzi\u0165 alebo preru\u0161i\u0165 ich dostupnos\u0165. Nezaru\u010duj\u00fa, \u017ee pr\u00edstup na webov\u00e9 str\u00e1nky bude nepretr\u017eit\u00fd alebo bezchybn\u00fd.<br \/>Spolo\u010dnos\u0165 VRZ Ablakgy\u00e1r Kft a\/alebo autor v\u00fdslovne vylu\u010duj\u00fa ak\u00fako\u013evek zodpovednos\u0165 za \u0161kody a\/alebo straty vypl\u00fdvaj\u00face z pr\u00edstupu k inform\u00e1ci\u00e1m, dokument\u00e1cii alebo in\u00fdm p\u00edsomn\u00fdm materi\u00e1lom na webovej str\u00e1nke alebo z ich priameho alebo nepriameho pou\u017eitia, z nedostupnosti webovej str\u00e1nky, z jej nefunk\u010dnosti, ch\u00fdb, por\u00fach alebo nedorozumen\u00ed.<br \/>Vlastn\u00edk webovej str\u00e1nky nenesie \u017eiadnu zodpovednos\u0165 za obsah, ktor\u00fd vytvorili, preniesli, ulo\u017eili, spr\u00edstupnili alebo zverejnili tretie strany a na ktor\u00fd odkazuj\u00fa alebo na ktor\u00fd odkazuj\u00fa webov\u00e9 str\u00e1nky. Niektor\u00e9 webov\u00e9 str\u00e1nky spolo\u010dnosti VRZ Ablakgy\u00e1r Kft a\/alebo autora m\u00f4\u017eu obsahova\u0165 odli\u0161n\u00e9 predpisy v s\u00falade s platn\u00fdmi z\u00e1konmi. Preto je obozn\u00e1menie sa s platn\u00fdmi predpismi a podmienkami pou\u017e\u00edvania a ich akceptovanie nevyhnutnou podmienkou pre pou\u017e\u00edvanie a vyu\u017e\u00edvanie pr\u00edslu\u0161n\u00fdch slu\u017eieb.<\/p><p><em>(c) 2025 VRZ Ablakgy\u00e1r Kft<\/em><br \/><\/p>\t\t\t\t\t\t\t\t<\/div>\n\t\t\t\t<\/div>\n\t\t\t\t\t<\/div>\n\t\t\t\t<\/div>\n\t\t\t\t<\/div>","protected":false},"excerpt":{"rendered":"<p>Rechtlicher Hinweis Rechtlicher Hinweis02. Juni 2022 \u2013 Aktualisiert am 10. November 2024 G\u00fcltigkeit des rechtlichen Hinweises Diese Erkl\u00e4rung ist als Teil der Website zu betrachten!Aktualisiert: 10. November 2024[Autor] VRZ Ablakgy\u00e1r Kft und\/oder der Autor informieren Sie hiermit, dass das Durchsuchen der hier angezeigten Webseiten die Annahme der folgenden Bedingungen bedeutet. Die Webseiten, deren Inhalte oder&#8230;<\/p>","protected":false},"author":1,"featured_media":0,"parent":0,"menu_order":0,"comment_status":"closed","ping_status":"closed","template":"","meta":{"_kadence_starter_templates_imported_post":false,"_kad_post_transparent":"","_kad_post_title":"hide","_kad_post_layout":"fullwidth","_kad_post_sidebar_id":"","_kad_post_content_style":"unboxed","_kad_post_vertical_padding":"hide","_kad_post_feature":"hide","_kad_post_feature_position":"","_kad_post_header":false,"_kad_post_footer":false,"footnotes":""},"class_list":["post-425","page","type-page","status-publish","hentry"],"_links":{"self":[{"href":"https:\/\/vrzframeworks.hu\/sk\/wp-json\/wp\/v2\/pages\/425","targetHints":{"allow":["GET"]}}],"collection":[{"href":"https:\/\/vrzframeworks.hu\/sk\/wp-json\/wp\/v2\/pages"}],"about":[{"href":"https:\/\/vrzframeworks.hu\/sk\/wp-json\/wp\/v2\/types\/page"}],"author":[{"embeddable":true,"href":"https:\/\/vrzframeworks.hu\/sk\/wp-json\/wp\/v2\/users\/1"}],"replies":[{"embeddable":true,"href":"https:\/\/vrzframeworks.hu\/sk\/wp-json\/wp\/v2\/comments?post=425"}],"version-history":[{"count":7,"href":"https:\/\/vrzframeworks.hu\/sk\/wp-json\/wp\/v2\/pages\/425\/revisions"}],"predecessor-version":[{"id":903,"href":"https:\/\/vrzframeworks.hu\/sk\/wp-json\/wp\/v2\/pages\/425\/revisions\/903"}],"wp:attachment":[{"href":"https:\/\/vrzframeworks.hu\/sk\/wp-json\/wp\/v2\/media?parent=425"}],"curies":[{"name":"wp","href":"https:\/\/api.w.org\/{rel}","templated":true}]}}